{"id":142,"date":"2024-02-10T09:41:35","date_gmt":"2024-02-10T09:41:35","guid":{"rendered":"https:\/\/www.deachterzolder.nl\/?page_id=142"},"modified":"2026-03-25T18:26:08","modified_gmt":"2026-03-25T18:26:08","slug":"de-achterzolder","status":"publish","type":"page","link":"https:\/\/www.deachterzolder.nl\/de\/de-achterzolder\/","title":{"rendered":"De achterzolder"},"content":{"rendered":"<div data-elementor-type=\"wp-page\" data-elementor-id=\"142\" class=\"elementor elementor-142\">\n\t\t\t\t<div class=\"elementor-element elementor-element-86aec90 e-flex e-con-boxed e-con e-parent\" data-id=\"86aec90\" data-element_type=\"container\" data-settings=\"{&quot;content_width&quot;:&quot;boxed&quot;}\" data-core-v316-plus=\"true\">\n\t\t\t\t\t<div class=\"e-con-inner\">\n\t\t\t\t<div class=\"elementor-element elementor-element-7a9ec79 elementor-widget elementor-widget-text-editor\" data-id=\"7a9ec79\" data-element_type=\"widget\" data-widget_type=\"text-editor.default\">\n\t\t\t\t<div class=\"elementor-widget-container\">\n\t\t\t<style>\/*! elementor - v3.19.0 - 07-02-2024 *\/\n.elementor-widget-text-editor.elementor-drop-cap-view-stacked .elementor-drop-cap{background-color:#69727d;color:#fff}.elementor-widget-text-editor.elementor-drop-cap-view-framed .elementor-drop-cap{color:#69727d;border:3px solid;background-color:transparent}.elementor-widget-text-editor:not(.elementor-drop-cap-view-default) .elementor-drop-cap{margin-top:8px}.elementor-widget-text-editor:not(.elementor-drop-cap-view-default) .elementor-drop-cap-letter{width:1em;height:1em}.elementor-widget-text-editor .elementor-drop-cap{float:left;text-align:center;line-height:1;font-size:50px}.elementor-widget-text-editor .elementor-drop-cap-letter{display:inline-block}<\/style>\t\t\t\t<h1>De achterzolder<\/h1><p>Sch\u00f6nes und gem\u00fctliches Ferienhaus im hinteren Dachgeschoss des ehemaligen Bauernstalls. Schlafzimmer inkl. Bettw\u00e4sche, Wohnzimmer, einfache K\u00fcche inkl. Kaffee- und Teebuffet, Dusche\/WC. TV und WLAN verf\u00fcgbar. Ladestation f\u00fcr Ihre eigenen Elektrofahrr\u00e4der. Die Unterkunft ist bequem mit der Schaluppe erreichbar, ein Bootsverleih ist m\u00f6glich. Zwei Oma-Fahrr\u00e4der stehen zur Verf\u00fcgung, die Sie f\u00fcr Restaurant-\/Caf\u00e9-Besuche oder zum Radfahren zur Bushaltestelle nutzen k\u00f6nnen. Das Fr\u00fchst\u00fcck ist optional, bitte geben Sie dies im Voraus an.<\/p><h1>Natur und Umwelt<\/h1><p>wundersch\u00f6ne Lage mitten im Polder. Die Lage liegt am Ende einer Polderstra\u00dfe, daher wenig Verkehr und viele Wiesenv\u00f6gel. Das Ferienhaus liegt an einer Segelroute, mit einer 3 km weiten Aussicht vom Garten aus. Aktivit\u00e4ten: Schwimmen im offenen Wasser, in der N\u00e4he von Kaag, sch\u00f6ne Radroute durch das gr\u00fcne Herz.<\/p><h1>Buchungen<\/h1><p>Das \u201ehintere Dachgeschoss\u201c ist ab 2 N\u00e4chten buchbar,<br \/>Die \u00dcbernachtungskosten betragen:<br \/>145 euro per nacht\u201d<br \/>Bitte kontaktieren Sie uns f\u00fcr Buchungen von mehr als 2 N\u00e4chten f\u00fcr ein g\u00fcnstiges \u201eHeck-Dachgeschoss-Paket\u201c<\/p><p>Check-in ab 15:00 uhr<br \/>Check-out um 10:30 uhr<\/p><p>Ansprechpartner:<br \/>Anne van der Jagt<\/p><p><a href=\"https:\/\/wa.me\/31642130743\"><img decoding=\"async\" class=\"alignnone wp-image-336\" src=\"https:\/\/www.deachterzolder.nl\/wp-content\/uploads\/2024\/02\/whatsapp_78680-300x300.png\" alt=\"\" width=\"40\" height=\"40\" srcset=\"https:\/\/www.deachterzolder.nl\/wp-content\/uploads\/2024\/02\/whatsapp_78680-300x300.png 300w, https:\/\/www.deachterzolder.nl\/wp-content\/uploads\/2024\/02\/whatsapp_78680-150x150.png 150w, https:\/\/www.deachterzolder.nl\/wp-content\/uploads\/2024\/02\/whatsapp_78680-100x100.png 100w, https:\/\/www.deachterzolder.nl\/wp-content\/uploads\/2024\/02\/whatsapp_78680.png 512w\" sizes=\"(max-width: 40px) 100vw, 40px\" \/><\/a><\/p><p><a href=\"mailto:annevandjagt@gmail.com\">Mail Anne van der Jagt<\/a><\/p><p><a href=\"https:\/\/www.google.com\/maps\/dir\/52.1940319,4.6137868\/Vakantie+huisje+de+achterzolder,+Zwarteweg+9,+2374+BA+Oud+Ade\/@52.192807,4.569823,14z\/data=!3m1!4b1!4m18!1m7!3m6!1s0x47c5c57ad83a0979:0xb924bc7520df486f!2sVakantie+huisje+de+achterzolder!8m2!3d52.1852503!4d4.5670322!16s%2Fg%2F11vszz48c1!4m9!1m1!4e1!1m5!1m1!1s0x47c5c57ad83a0979:0xb924bc7520df486f!2m2!1d4.5670322!2d52.1852503!3e0?entry=ttu\">Der Weg nach De Achterzolder<\/a><\/p>\t\t\t\t\t\t<\/div>\n\t\t\t\t<\/div>\n\t\t\t\t\t<\/div>\n\t\t\t\t<\/div>\n\t\t\t\t<\/div>","protected":false},"excerpt":{"rendered":"<p>De achterzolder Mooi en gezellig vakantiehuis op de achterzolder van de vroegere boerderijstal. Slaapkamer incl. bedlinnen, woonkamer, eenvoudige keuken incl. koffie en thee buffet, douche \/ toilet. T.V.. &amp; wifi aanwezig. Oplaadpunt voor eigen elektrische fietsen. De accommodatie is goed te bereiken met een sloep, bootverhuur mogelijk. Twee oma fietsen aanwezig om te gebruiken voor &hellip; <\/p>\n<p class=\"link-more\"><a href=\"https:\/\/www.deachterzolder.nl\/de\/de-achterzolder\/\" class=\"more-link\"><span class=\"screen-reader-text\">\u201eDe achterzolder\u201c<\/span> weiterlesen<\/a><\/p>","protected":false},"author":1,"featured_media":0,"parent":0,"menu_order":0,"comment_status":"closed","ping_status":"closed","template":"","meta":[],"_links":{"self":[{"href":"https:\/\/www.deachterzolder.nl\/de\/wp-json\/wp\/v2\/pages\/142"}],"collection":[{"href":"https:\/\/www.deachterzolder.nl\/de\/wp-json\/wp\/v2\/pages"}],"about":[{"href":"https:\/\/www.deachterzolder.nl\/de\/wp-json\/wp\/v2\/types\/page"}],"author":[{"embeddable":true,"href":"https:\/\/www.deachterzolder.nl\/de\/wp-json\/wp\/v2\/users\/1"}],"replies":[{"embeddable":true,"href":"https:\/\/www.deachterzolder.nl\/de\/wp-json\/wp\/v2\/comments?post=142"}],"version-history":[{"count":94,"href":"https:\/\/www.deachterzolder.nl\/de\/wp-json\/wp\/v2\/pages\/142\/revisions"}],"predecessor-version":[{"id":536,"href":"https:\/\/www.deachterzolder.nl\/de\/wp-json\/wp\/v2\/pages\/142\/revisions\/536"}],"wp:attachment":[{"href":"https:\/\/www.deachterzolder.nl\/de\/wp-json\/wp\/v2\/media?parent=142"}],"curies":[{"name":"wp","href":"https:\/\/api.w.org\/{rel}","templated":true}]}}